{"id":867,"date":"2023-11-29T04:50:26","date_gmt":"2023-11-29T04:50:26","guid":{"rendered":"https:\/\/createdencosta.com\/?post_type=product&#038;p=867"},"modified":"2023-11-30T00:20:31","modified_gmt":"2023-11-30T00:20:31","slug":"movin-to-costa-curved-foam-trucker-hat","status":"publish","type":"product","link":"https:\/\/createdencosta.com\/en\/product\/movin-to-costa-curved-foam-trucker-hat\/","title":{"rendered":"Movin&#8217; to Costa W\/B Curved Foam Trucker Hat"},"content":{"rendered":"<p>Yupoong Hats: First introduced in the 70s, our timeless foam trucker cap is back but with a modern twist - it still has the same high-quality foam front panel but features the slightly curved visor for an upgraded and modernized look. Be current and classy at the same time with our curved visor foam truckers.<\/p>\n<p>Trucker cap with foam fabric<br \/>\nFoam front panel. Structured<br \/>\nMatching plastic snapback closure<br \/>\nMatching undervisor, 6-row stitching on visor<\/p>","protected":false},"excerpt":{"rendered":"<p>Gorras Yupoong: Presentada por primera vez en los a\u00f1os 70, nuestra gorra trucker de espuma atemporal est\u00e1 de vuelta, pero con un toque moderno: todav\u00eda tiene el mismo panel frontal de espuma de alta calidad, pero presenta una visera ligeramente curvada para una apariencia mejorada y modernizada. Sea actual y elegante al mismo tiempo con [&hellip;]<\/p>\n","protected":false},"featured_media":969,"template":"","meta":{"_monsterinsights_skip_tracking":false,"_monsterinsights_sitenote_active":false,"_monsterinsights_sitenote_note":"","_monsterinsights_sitenote_category":0},"product_brand":[],"product_cat":[26],"product_tag":[46,47,70],"class_list":{"0":"post-867","1":"product","2":"type-product","3":"status-publish","4":"has-post-thumbnail","6":"product_cat-gorras","7":"product_tag-fuck-it","8":"product_tag-movin-to-costa","9":"product_tag-trucker-hat","11":"first","12":"instock","13":"taxable","14":"shipping-taxable","15":"purchasable","16":"product-type-variable","17":"has-default-attributes"},"yoast_head":"<!-- This site is optimized with the Yoast SEO plugin v27.4 - https:\/\/yoast.com\/product\/yoast-seo-wordpress\/ -->\n<title>Movin&#039; to Costa W\/B Curved Foam Trucker Hat - Created En Costa<\/title>\n<meta name=\"robots\" content=\"index, follow, max-snippet:-1, max-image-preview:large, max-video-preview:-1\" \/>\n<link rel=\"canonical\" href=\"https:\/\/createdencosta.com\/en\/product\/movin-to-costa-curved-foam-trucker-hat\/\" \/>\n<meta property=\"og:locale\" content=\"en_US\" \/>\n<meta property=\"og:type\" content=\"article\" \/>\n<meta property=\"og:title\" content=\"Movin&#039; to Costa W\/B Curved Foam Trucker Hat - Created En Costa\" \/>\n<meta property=\"og:description\" content=\"Gorras Yupoong: Presentada por primera vez en los a\u00f1os 70, nuestra gorra trucker de espuma atemporal est\u00e1 de vuelta, pero con un toque moderno: todav\u00eda tiene el mismo panel frontal de espuma de alta calidad, pero presenta una visera ligeramente curvada para una apariencia mejorada y modernizada. Sea actual y elegante al mismo tiempo con [&hellip;]\" \/>\n<meta property=\"og:url\" content=\"https:\/\/createdencosta.com\/en\/product\/movin-to-costa-curved-foam-trucker-hat\/\" \/>\n<meta property=\"og:site_name\" content=\"Created En Costa\" \/>\n<meta property=\"article:modified_time\" content=\"2023-11-30T00:20:31+00:00\" \/>\n<meta property=\"og:image\" content=\"https:\/\/createdencosta.com\/wp-content\/uploads\/2023\/11\/50307321-831E-424C-B2E9-F29142B6F88A.jpg\" \/>\n\t<meta property=\"og:image:width\" content=\"1537\" \/>\n\t<meta property=\"og:image:height\" content=\"2305\" \/>\n\t<meta property=\"og:image:type\" content=\"image\/jpeg\" \/>\n<meta name=\"twitter:card\" content=\"summary_large_image\" \/>\n<script type=\"application\/ld+json\" class=\"yoast-schema-graph\">{\"@context\":\"https:\\\/\\\/schema.org\",\"@graph\":[{\"@type\":\"WebPage\",\"@id\":\"https:\\\/\\\/createdencosta.com\\\/product\\\/movin-to-costa-curved-foam-trucker-hat\\\/\",\"url\":\"https:\\\/\\\/createdencosta.com\\\/product\\\/movin-to-costa-curved-foam-trucker-hat\\\/\",\"name\":\"Movin' to Costa W\\\/B Curved Foam Trucker Hat - Created En Costa\",\"isPartOf\":{\"@id\":\"https:\\\/\\\/createdencosta.com\\\/#website\"},\"primaryImageOfPage\":{\"@id\":\"https:\\\/\\\/createdencosta.com\\\/product\\\/movin-to-costa-curved-foam-trucker-hat\\\/#primaryimage\"},\"image\":{\"@id\":\"https:\\\/\\\/createdencosta.com\\\/product\\\/movin-to-costa-curved-foam-trucker-hat\\\/#primaryimage\"},\"thumbnailUrl\":\"https:\\\/\\\/createdencosta.com\\\/wp-content\\\/uploads\\\/2023\\\/11\\\/50307321-831E-424C-B2E9-F29142B6F88A.jpg\",\"datePublished\":\"2023-11-29T04:50:26+00:00\",\"dateModified\":\"2023-11-30T00:20:31+00:00\",\"breadcrumb\":{\"@id\":\"https:\\\/\\\/createdencosta.com\\\/product\\\/movin-to-costa-curved-foam-trucker-hat\\\/#breadcrumb\"},\"inLanguage\":\"en-US\",\"potentialAction\":[{\"@type\":\"ReadAction\",\"target\":[\"https:\\\/\\\/createdencosta.com\\\/product\\\/movin-to-costa-curved-foam-trucker-hat\\\/\"]}]},{\"@type\":\"ImageObject\",\"inLanguage\":\"en-US\",\"@id\":\"https:\\\/\\\/createdencosta.com\\\/product\\\/movin-to-costa-curved-foam-trucker-hat\\\/#primaryimage\",\"url\":\"https:\\\/\\\/createdencosta.com\\\/wp-content\\\/uploads\\\/2023\\\/11\\\/50307321-831E-424C-B2E9-F29142B6F88A.jpg\",\"contentUrl\":\"https:\\\/\\\/createdencosta.com\\\/wp-content\\\/uploads\\\/2023\\\/11\\\/50307321-831E-424C-B2E9-F29142B6F88A.jpg\",\"width\":1537,\"height\":2305,\"caption\":\"Processed with VSCO with a6 preset\"},{\"@type\":\"BreadcrumbList\",\"@id\":\"https:\\\/\\\/createdencosta.com\\\/product\\\/movin-to-costa-curved-foam-trucker-hat\\\/#breadcrumb\",\"itemListElement\":[{\"@type\":\"ListItem\",\"position\":1,\"name\":\"Home\",\"item\":\"https:\\\/\\\/createdencosta.com\\\/\"},{\"@type\":\"ListItem\",\"position\":2,\"name\":\"Tienda\",\"item\":\"https:\\\/\\\/createdencosta.com\\\/shop\\\/\"},{\"@type\":\"ListItem\",\"position\":3,\"name\":\"Movin&#8217; to Costa W\\\/B Curved Foam Trucker Hat\"}]},{\"@type\":\"WebSite\",\"@id\":\"https:\\\/\\\/createdencosta.com\\\/#website\",\"url\":\"https:\\\/\\\/createdencosta.com\\\/\",\"name\":\"Created En Costa\",\"description\":\"\",\"publisher\":{\"@id\":\"https:\\\/\\\/createdencosta.com\\\/#organization\"},\"potentialAction\":[{\"@type\":\"SearchAction\",\"target\":{\"@type\":\"EntryPoint\",\"urlTemplate\":\"https:\\\/\\\/createdencosta.com\\\/?s={search_term_string}\"},\"query-input\":{\"@type\":\"PropertyValueSpecification\",\"valueRequired\":true,\"valueName\":\"search_term_string\"}}],\"inLanguage\":\"en-US\"},{\"@type\":\"Organization\",\"@id\":\"https:\\\/\\\/createdencosta.com\\\/#organization\",\"name\":\"Created En Costa\",\"url\":\"https:\\\/\\\/createdencosta.com\\\/\",\"logo\":{\"@type\":\"ImageObject\",\"inLanguage\":\"en-US\",\"@id\":\"https:\\\/\\\/createdencosta.com\\\/#\\\/schema\\\/logo\\\/image\\\/\",\"url\":\"https:\\\/\\\/createdencosta.com\\\/wp-content\\\/uploads\\\/2023\\\/11\\\/cropped-CEC_wordmark.png\",\"contentUrl\":\"https:\\\/\\\/createdencosta.com\\\/wp-content\\\/uploads\\\/2023\\\/11\\\/cropped-CEC_wordmark.png\",\"width\":1042,\"height\":291,\"caption\":\"Created En Costa\"},\"image\":{\"@id\":\"https:\\\/\\\/createdencosta.com\\\/#\\\/schema\\\/logo\\\/image\\\/\"}}]}<\/script>\n<!-- \/ Yoast SEO plugin. -->","yoast_head_json":{"title":"Movin' to Costa W\/B Curved Foam Trucker Hat - Created En Costa","robots":{"index":"index","follow":"follow","max-snippet":"max-snippet:-1","max-image-preview":"max-image-preview:large","max-video-preview":"max-video-preview:-1"},"canonical":"https:\/\/createdencosta.com\/en\/product\/movin-to-costa-curved-foam-trucker-hat\/","og_locale":"en_US","og_type":"article","og_title":"Movin' to Costa W\/B Curved Foam Trucker Hat - Created En Costa","og_description":"Gorras Yupoong: Presentada por primera vez en los a\u00f1os 70, nuestra gorra trucker de espuma atemporal est\u00e1 de vuelta, pero con un toque moderno: todav\u00eda tiene el mismo panel frontal de espuma de alta calidad, pero presenta una visera ligeramente curvada para una apariencia mejorada y modernizada. Sea actual y elegante al mismo tiempo con [&hellip;]","og_url":"https:\/\/createdencosta.com\/en\/product\/movin-to-costa-curved-foam-trucker-hat\/","og_site_name":"Created En Costa","article_modified_time":"2023-11-30T00:20:31+00:00","og_image":[{"width":1537,"height":2305,"url":"https:\/\/createdencosta.com\/wp-content\/uploads\/2023\/11\/50307321-831E-424C-B2E9-F29142B6F88A.jpg","type":"image\/jpeg"}],"twitter_card":"summary_large_image","schema":{"@context":"https:\/\/schema.org","@graph":[{"@type":"WebPage","@id":"https:\/\/createdencosta.com\/product\/movin-to-costa-curved-foam-trucker-hat\/","url":"https:\/\/createdencosta.com\/product\/movin-to-costa-curved-foam-trucker-hat\/","name":"Movin' to Costa W\/B Curved Foam Trucker Hat - Created En Costa","isPartOf":{"@id":"https:\/\/createdencosta.com\/#website"},"primaryImageOfPage":{"@id":"https:\/\/createdencosta.com\/product\/movin-to-costa-curved-foam-trucker-hat\/#primaryimage"},"image":{"@id":"https:\/\/createdencosta.com\/product\/movin-to-costa-curved-foam-trucker-hat\/#primaryimage"},"thumbnailUrl":"https:\/\/createdencosta.com\/wp-content\/uploads\/2023\/11\/50307321-831E-424C-B2E9-F29142B6F88A.jpg","datePublished":"2023-11-29T04:50:26+00:00","dateModified":"2023-11-30T00:20:31+00:00","breadcrumb":{"@id":"https:\/\/createdencosta.com\/product\/movin-to-costa-curved-foam-trucker-hat\/#breadcrumb"},"inLanguage":"en-US","potentialAction":[{"@type":"ReadAction","target":["https:\/\/createdencosta.com\/product\/movin-to-costa-curved-foam-trucker-hat\/"]}]},{"@type":"ImageObject","inLanguage":"en-US","@id":"https:\/\/createdencosta.com\/product\/movin-to-costa-curved-foam-trucker-hat\/#primaryimage","url":"https:\/\/createdencosta.com\/wp-content\/uploads\/2023\/11\/50307321-831E-424C-B2E9-F29142B6F88A.jpg","contentUrl":"https:\/\/createdencosta.com\/wp-content\/uploads\/2023\/11\/50307321-831E-424C-B2E9-F29142B6F88A.jpg","width":1537,"height":2305,"caption":"Processed with VSCO with a6 preset"},{"@type":"BreadcrumbList","@id":"https:\/\/createdencosta.com\/product\/movin-to-costa-curved-foam-trucker-hat\/#breadcrumb","itemListElement":[{"@type":"ListItem","position":1,"name":"Home","item":"https:\/\/createdencosta.com\/"},{"@type":"ListItem","position":2,"name":"Tienda","item":"https:\/\/createdencosta.com\/shop\/"},{"@type":"ListItem","position":3,"name":"Movin&#8217; to Costa W\/B Curved Foam Trucker Hat"}]},{"@type":"WebSite","@id":"https:\/\/createdencosta.com\/#website","url":"https:\/\/createdencosta.com\/","name":"Created En Costa","description":"","publisher":{"@id":"https:\/\/createdencosta.com\/#organization"},"potentialAction":[{"@type":"SearchAction","target":{"@type":"EntryPoint","urlTemplate":"https:\/\/createdencosta.com\/?s={search_term_string}"},"query-input":{"@type":"PropertyValueSpecification","valueRequired":true,"valueName":"search_term_string"}}],"inLanguage":"en-US"},{"@type":"Organization","@id":"https:\/\/createdencosta.com\/#organization","name":"Created En Costa","url":"https:\/\/createdencosta.com\/","logo":{"@type":"ImageObject","inLanguage":"en-US","@id":"https:\/\/createdencosta.com\/#\/schema\/logo\/image\/","url":"https:\/\/createdencosta.com\/wp-content\/uploads\/2023\/11\/cropped-CEC_wordmark.png","contentUrl":"https:\/\/createdencosta.com\/wp-content\/uploads\/2023\/11\/cropped-CEC_wordmark.png","width":1042,"height":291,"caption":"Created En Costa"},"image":{"@id":"https:\/\/createdencosta.com\/#\/schema\/logo\/image\/"}}]}},"_links":{"self":[{"href":"https:\/\/createdencosta.com\/en\/wp-json\/wp\/v2\/product\/867","targetHints":{"allow":["GET"]}}],"collection":[{"href":"https:\/\/createdencosta.com\/en\/wp-json\/wp\/v2\/product"}],"about":[{"href":"https:\/\/createdencosta.com\/en\/wp-json\/wp\/v2\/types\/product"}],"wp:featuredmedia":[{"embeddable":true,"href":"https:\/\/createdencosta.com\/en\/wp-json\/wp\/v2\/media\/969"}],"wp:attachment":[{"href":"https:\/\/createdencosta.com\/en\/wp-json\/wp\/v2\/media?parent=867"}],"wp:term":[{"taxonomy":"product_brand","embeddable":true,"href":"https:\/\/createdencosta.com\/en\/wp-json\/wp\/v2\/product_brand?post=867"},{"taxonomy":"product_cat","embeddable":true,"href":"https:\/\/createdencosta.com\/en\/wp-json\/wp\/v2\/product_cat?post=867"},{"taxonomy":"product_tag","embeddable":true,"href":"https:\/\/createdencosta.com\/en\/wp-json\/wp\/v2\/product_tag?post=867"}],"curies":[{"name":"wp","href":"https:\/\/api.w.org\/{rel}","templated":true}]}}