{"id":1121,"date":"2023-11-29T19:20:19","date_gmt":"2023-11-29T19:20:19","guid":{"rendered":"https:\/\/createdencosta.com\/?post_type=product&#038;p=1121"},"modified":"2023-11-30T00:10:33","modified_gmt":"2023-11-30T00:10:33","slug":"por-que-no-foam-trucker-hat","status":"publish","type":"product","link":"https:\/\/createdencosta.com\/en\/product\/por-que-no-foam-trucker-hat\/","title":{"rendered":"Por qu\u00e9 no? Flat Foam Trucker Hat"},"content":{"rendered":"<p>Yupoong Hats: Inspired by the billboards on the streets, the YP Classics\u00ae Foam Trucker cap is created to help display your aesthetics and artistry. Made with the highest-quality foam.<\/p>\n<p>Trucker cap with foam fabric<br \/>\nFoam front panel. Structured<br \/>\nMatching plastic snapback closure<br \/>\nMatching undervisor, 8-row stitching on visor<\/p>","protected":false},"excerpt":{"rendered":"<p>Gorras Yupoong: Inspirada en los carteles publicitarios de las calles, la gorra YP Classics\u00ae Foam Trucker est\u00e1 creada para ayudar a mostrar su est\u00e9tica y arte. Fabricado con espuma de la m\u00e1s alta calidad. Gorra trucker con tejido de espuma Panel frontal de espuma. Estructurado Cierre snapback de pl\u00e1stico a juego Visera inferior a juego, [&hellip;]<\/p>\n","protected":false},"featured_media":1123,"template":"","meta":{"_monsterinsights_skip_tracking":false,"_monsterinsights_sitenote_active":false,"_monsterinsights_sitenote_note":"","_monsterinsights_sitenote_category":0},"product_brand":[],"product_cat":[26],"product_tag":[96,94,70,95],"class_list":{"0":"post-1121","1":"product","2":"type-product","3":"status-publish","4":"has-post-thumbnail","6":"product_cat-gorras","7":"product_tag-foam","8":"product_tag-por-que-no","9":"product_tag-trucker-hat","10":"product_tag-why-not","12":"first","13":"instock","14":"taxable","15":"shipping-taxable","16":"purchasable","17":"product-type-variable","18":"has-default-attributes"},"yoast_head":"<!-- This site is optimized with the Yoast SEO plugin v27.4 - https:\/\/yoast.com\/product\/yoast-seo-wordpress\/ -->\n<title>Por qu\u00e9 no? Flat Foam Trucker Hat - Created En Costa<\/title>\n<meta name=\"robots\" content=\"index, follow, max-snippet:-1, max-image-preview:large, max-video-preview:-1\" \/>\n<link rel=\"canonical\" href=\"https:\/\/createdencosta.com\/en\/product\/por-que-no-foam-trucker-hat\/\" \/>\n<meta property=\"og:locale\" content=\"en_US\" \/>\n<meta property=\"og:type\" content=\"article\" \/>\n<meta property=\"og:title\" content=\"Por qu\u00e9 no? Flat Foam Trucker Hat - Created En Costa\" \/>\n<meta property=\"og:description\" content=\"Gorras Yupoong: Inspirada en los carteles publicitarios de las calles, la gorra YP Classics\u00ae Foam Trucker est\u00e1 creada para ayudar a mostrar su est\u00e9tica y arte. Fabricado con espuma de la m\u00e1s alta calidad. Gorra trucker con tejido de espuma Panel frontal de espuma. Estructurado Cierre snapback de pl\u00e1stico a juego Visera inferior a juego, [&hellip;]\" \/>\n<meta property=\"og:url\" content=\"https:\/\/createdencosta.com\/en\/product\/por-que-no-foam-trucker-hat\/\" \/>\n<meta property=\"og:site_name\" content=\"Created En Costa\" \/>\n<meta property=\"article:modified_time\" content=\"2023-11-30T00:10:33+00:00\" \/>\n<meta property=\"og:image\" content=\"https:\/\/createdencosta.com\/wp-content\/uploads\/2023\/11\/0E7A116F-6B56-44A9-8CA1-A0B52E33F64C.jpg\" \/>\n\t<meta property=\"og:image:width\" content=\"1537\" \/>\n\t<meta property=\"og:image:height\" content=\"2305\" \/>\n\t<meta property=\"og:image:type\" content=\"image\/jpeg\" \/>\n<meta name=\"twitter:card\" content=\"summary_large_image\" \/>\n<script type=\"application\/ld+json\" class=\"yoast-schema-graph\">{\"@context\":\"https:\\\/\\\/schema.org\",\"@graph\":[{\"@type\":\"WebPage\",\"@id\":\"https:\\\/\\\/createdencosta.com\\\/product\\\/por-que-no-foam-trucker-hat\\\/\",\"url\":\"https:\\\/\\\/createdencosta.com\\\/product\\\/por-que-no-foam-trucker-hat\\\/\",\"name\":\"Por qu\u00e9 no? Flat Foam Trucker Hat - Created En Costa\",\"isPartOf\":{\"@id\":\"https:\\\/\\\/createdencosta.com\\\/#website\"},\"primaryImageOfPage\":{\"@id\":\"https:\\\/\\\/createdencosta.com\\\/product\\\/por-que-no-foam-trucker-hat\\\/#primaryimage\"},\"image\":{\"@id\":\"https:\\\/\\\/createdencosta.com\\\/product\\\/por-que-no-foam-trucker-hat\\\/#primaryimage\"},\"thumbnailUrl\":\"https:\\\/\\\/createdencosta.com\\\/wp-content\\\/uploads\\\/2023\\\/11\\\/0E7A116F-6B56-44A9-8CA1-A0B52E33F64C.jpg\",\"datePublished\":\"2023-11-29T19:20:19+00:00\",\"dateModified\":\"2023-11-30T00:10:33+00:00\",\"breadcrumb\":{\"@id\":\"https:\\\/\\\/createdencosta.com\\\/product\\\/por-que-no-foam-trucker-hat\\\/#breadcrumb\"},\"inLanguage\":\"en-US\",\"potentialAction\":[{\"@type\":\"ReadAction\",\"target\":[\"https:\\\/\\\/createdencosta.com\\\/product\\\/por-que-no-foam-trucker-hat\\\/\"]}]},{\"@type\":\"ImageObject\",\"inLanguage\":\"en-US\",\"@id\":\"https:\\\/\\\/createdencosta.com\\\/product\\\/por-que-no-foam-trucker-hat\\\/#primaryimage\",\"url\":\"https:\\\/\\\/createdencosta.com\\\/wp-content\\\/uploads\\\/2023\\\/11\\\/0E7A116F-6B56-44A9-8CA1-A0B52E33F64C.jpg\",\"contentUrl\":\"https:\\\/\\\/createdencosta.com\\\/wp-content\\\/uploads\\\/2023\\\/11\\\/0E7A116F-6B56-44A9-8CA1-A0B52E33F64C.jpg\",\"width\":1537,\"height\":2305,\"caption\":\"Processed with VSCO with a6 preset\"},{\"@type\":\"BreadcrumbList\",\"@id\":\"https:\\\/\\\/createdencosta.com\\\/product\\\/por-que-no-foam-trucker-hat\\\/#breadcrumb\",\"itemListElement\":[{\"@type\":\"ListItem\",\"position\":1,\"name\":\"Home\",\"item\":\"https:\\\/\\\/createdencosta.com\\\/\"},{\"@type\":\"ListItem\",\"position\":2,\"name\":\"Tienda\",\"item\":\"https:\\\/\\\/createdencosta.com\\\/shop\\\/\"},{\"@type\":\"ListItem\",\"position\":3,\"name\":\"Por qu\u00e9 no? Flat Foam Trucker Hat\"}]},{\"@type\":\"WebSite\",\"@id\":\"https:\\\/\\\/createdencosta.com\\\/#website\",\"url\":\"https:\\\/\\\/createdencosta.com\\\/\",\"name\":\"Created En Costa\",\"description\":\"\",\"publisher\":{\"@id\":\"https:\\\/\\\/createdencosta.com\\\/#organization\"},\"potentialAction\":[{\"@type\":\"SearchAction\",\"target\":{\"@type\":\"EntryPoint\",\"urlTemplate\":\"https:\\\/\\\/createdencosta.com\\\/?s={search_term_string}\"},\"query-input\":{\"@type\":\"PropertyValueSpecification\",\"valueRequired\":true,\"valueName\":\"search_term_string\"}}],\"inLanguage\":\"en-US\"},{\"@type\":\"Organization\",\"@id\":\"https:\\\/\\\/createdencosta.com\\\/#organization\",\"name\":\"Created En Costa\",\"url\":\"https:\\\/\\\/createdencosta.com\\\/\",\"logo\":{\"@type\":\"ImageObject\",\"inLanguage\":\"en-US\",\"@id\":\"https:\\\/\\\/createdencosta.com\\\/#\\\/schema\\\/logo\\\/image\\\/\",\"url\":\"https:\\\/\\\/createdencosta.com\\\/wp-content\\\/uploads\\\/2023\\\/11\\\/cropped-CEC_wordmark.png\",\"contentUrl\":\"https:\\\/\\\/createdencosta.com\\\/wp-content\\\/uploads\\\/2023\\\/11\\\/cropped-CEC_wordmark.png\",\"width\":1042,\"height\":291,\"caption\":\"Created En Costa\"},\"image\":{\"@id\":\"https:\\\/\\\/createdencosta.com\\\/#\\\/schema\\\/logo\\\/image\\\/\"}}]}<\/script>\n<!-- \/ Yoast SEO plugin. -->","yoast_head_json":{"title":"Por qu\u00e9 no? Flat Foam Trucker Hat - Created En Costa","robots":{"index":"index","follow":"follow","max-snippet":"max-snippet:-1","max-image-preview":"max-image-preview:large","max-video-preview":"max-video-preview:-1"},"canonical":"https:\/\/createdencosta.com\/en\/product\/por-que-no-foam-trucker-hat\/","og_locale":"en_US","og_type":"article","og_title":"Por qu\u00e9 no? Flat Foam Trucker Hat - Created En Costa","og_description":"Gorras Yupoong: Inspirada en los carteles publicitarios de las calles, la gorra YP Classics\u00ae Foam Trucker est\u00e1 creada para ayudar a mostrar su est\u00e9tica y arte. Fabricado con espuma de la m\u00e1s alta calidad. Gorra trucker con tejido de espuma Panel frontal de espuma. Estructurado Cierre snapback de pl\u00e1stico a juego Visera inferior a juego, [&hellip;]","og_url":"https:\/\/createdencosta.com\/en\/product\/por-que-no-foam-trucker-hat\/","og_site_name":"Created En Costa","article_modified_time":"2023-11-30T00:10:33+00:00","og_image":[{"width":1537,"height":2305,"url":"https:\/\/createdencosta.com\/wp-content\/uploads\/2023\/11\/0E7A116F-6B56-44A9-8CA1-A0B52E33F64C.jpg","type":"image\/jpeg"}],"twitter_card":"summary_large_image","schema":{"@context":"https:\/\/schema.org","@graph":[{"@type":"WebPage","@id":"https:\/\/createdencosta.com\/product\/por-que-no-foam-trucker-hat\/","url":"https:\/\/createdencosta.com\/product\/por-que-no-foam-trucker-hat\/","name":"Por qu\u00e9 no? Flat Foam Trucker Hat - Created En Costa","isPartOf":{"@id":"https:\/\/createdencosta.com\/#website"},"primaryImageOfPage":{"@id":"https:\/\/createdencosta.com\/product\/por-que-no-foam-trucker-hat\/#primaryimage"},"image":{"@id":"https:\/\/createdencosta.com\/product\/por-que-no-foam-trucker-hat\/#primaryimage"},"thumbnailUrl":"https:\/\/createdencosta.com\/wp-content\/uploads\/2023\/11\/0E7A116F-6B56-44A9-8CA1-A0B52E33F64C.jpg","datePublished":"2023-11-29T19:20:19+00:00","dateModified":"2023-11-30T00:10:33+00:00","breadcrumb":{"@id":"https:\/\/createdencosta.com\/product\/por-que-no-foam-trucker-hat\/#breadcrumb"},"inLanguage":"en-US","potentialAction":[{"@type":"ReadAction","target":["https:\/\/createdencosta.com\/product\/por-que-no-foam-trucker-hat\/"]}]},{"@type":"ImageObject","inLanguage":"en-US","@id":"https:\/\/createdencosta.com\/product\/por-que-no-foam-trucker-hat\/#primaryimage","url":"https:\/\/createdencosta.com\/wp-content\/uploads\/2023\/11\/0E7A116F-6B56-44A9-8CA1-A0B52E33F64C.jpg","contentUrl":"https:\/\/createdencosta.com\/wp-content\/uploads\/2023\/11\/0E7A116F-6B56-44A9-8CA1-A0B52E33F64C.jpg","width":1537,"height":2305,"caption":"Processed with VSCO with a6 preset"},{"@type":"BreadcrumbList","@id":"https:\/\/createdencosta.com\/product\/por-que-no-foam-trucker-hat\/#breadcrumb","itemListElement":[{"@type":"ListItem","position":1,"name":"Home","item":"https:\/\/createdencosta.com\/"},{"@type":"ListItem","position":2,"name":"Tienda","item":"https:\/\/createdencosta.com\/shop\/"},{"@type":"ListItem","position":3,"name":"Por qu\u00e9 no? Flat Foam Trucker Hat"}]},{"@type":"WebSite","@id":"https:\/\/createdencosta.com\/#website","url":"https:\/\/createdencosta.com\/","name":"Created En Costa","description":"","publisher":{"@id":"https:\/\/createdencosta.com\/#organization"},"potentialAction":[{"@type":"SearchAction","target":{"@type":"EntryPoint","urlTemplate":"https:\/\/createdencosta.com\/?s={search_term_string}"},"query-input":{"@type":"PropertyValueSpecification","valueRequired":true,"valueName":"search_term_string"}}],"inLanguage":"en-US"},{"@type":"Organization","@id":"https:\/\/createdencosta.com\/#organization","name":"Created En Costa","url":"https:\/\/createdencosta.com\/","logo":{"@type":"ImageObject","inLanguage":"en-US","@id":"https:\/\/createdencosta.com\/#\/schema\/logo\/image\/","url":"https:\/\/createdencosta.com\/wp-content\/uploads\/2023\/11\/cropped-CEC_wordmark.png","contentUrl":"https:\/\/createdencosta.com\/wp-content\/uploads\/2023\/11\/cropped-CEC_wordmark.png","width":1042,"height":291,"caption":"Created En Costa"},"image":{"@id":"https:\/\/createdencosta.com\/#\/schema\/logo\/image\/"}}]}},"_links":{"self":[{"href":"https:\/\/createdencosta.com\/en\/wp-json\/wp\/v2\/product\/1121","targetHints":{"allow":["GET"]}}],"collection":[{"href":"https:\/\/createdencosta.com\/en\/wp-json\/wp\/v2\/product"}],"about":[{"href":"https:\/\/createdencosta.com\/en\/wp-json\/wp\/v2\/types\/product"}],"wp:featuredmedia":[{"embeddable":true,"href":"https:\/\/createdencosta.com\/en\/wp-json\/wp\/v2\/media\/1123"}],"wp:attachment":[{"href":"https:\/\/createdencosta.com\/en\/wp-json\/wp\/v2\/media?parent=1121"}],"wp:term":[{"taxonomy":"product_brand","embeddable":true,"href":"https:\/\/createdencosta.com\/en\/wp-json\/wp\/v2\/product_brand?post=1121"},{"taxonomy":"product_cat","embeddable":true,"href":"https:\/\/createdencosta.com\/en\/wp-json\/wp\/v2\/product_cat?post=1121"},{"taxonomy":"product_tag","embeddable":true,"href":"https:\/\/createdencosta.com\/en\/wp-json\/wp\/v2\/product_tag?post=1121"}],"curies":[{"name":"wp","href":"https:\/\/api.w.org\/{rel}","templated":true}]}}