{"id":1085,"date":"2023-11-29T18:46:48","date_gmt":"2023-11-29T18:46:48","guid":{"rendered":"https:\/\/createdencosta.com\/?post_type=product&#038;p=1085"},"modified":"2024-02-11T16:40:47","modified_gmt":"2024-02-11T16:40:47","slug":"hooked-snapback-hat","status":"publish","type":"product","link":"https:\/\/createdencosta.com\/en\/product\/hooked-snapback-hat\/","title":{"rendered":"Hooked SnapBack Hat"},"content":{"rendered":"<p>Yupoong Hats: Premium wool-blended snapback for luxurious look. 6-panel structured cap with classic green undervisor. Matching plastic snapback closure with 8 rows of stitching on visor.<\/p>\n<p>Classic snapback cap with premium wool blend fabric<br \/>\nHard buckram. Structured<br \/>\nMatching plastic snapback closure<br \/>\nClassic green undervisor, 8-row stitching on visor<\/p>","protected":false},"excerpt":{"rendered":"<p>Gorras Yupoong: Gorra snapback de primera calidad en mezcla de lana para una apariencia lujosa. Gorra estructurada de 6 paneles con visera inferior verde cl\u00e1sica. Cierre snapback de pl\u00e1stico a juego con 8 hileras de costuras en la visera. Gorra cl\u00e1sica snapback con tejido de mezcla de lana Bucar\u00e1n duro. Estructurado Cierre trasero de pl\u00e1stico [&hellip;]<\/p>\n","protected":false},"featured_media":1089,"template":"","meta":{"_monsterinsights_skip_tracking":false,"_monsterinsights_sitenote_active":false,"_monsterinsights_sitenote_note":"","_monsterinsights_sitenote_category":0},"product_brand":[],"product_cat":[26],"product_tag":[93,92,90,91,69],"class_list":{"0":"post-1085","1":"product","2":"type-product","3":"status-publish","4":"has-post-thumbnail","6":"product_cat-gorras","7":"product_tag-anzuelo","8":"product_tag-fishing","9":"product_tag-hook","10":"product_tag-hooked","11":"product_tag-snapback","13":"first","14":"instock","15":"taxable","16":"shipping-taxable","17":"purchasable","18":"product-type-variable","19":"has-default-attributes"},"yoast_head":"<!-- This site is optimized with the Yoast SEO plugin v27.4 - https:\/\/yoast.com\/product\/yoast-seo-wordpress\/ -->\n<title>Hooked SnapBack Hat - Created En Costa<\/title>\n<meta name=\"robots\" content=\"index, follow, max-snippet:-1, max-image-preview:large, max-video-preview:-1\" \/>\n<link rel=\"canonical\" href=\"https:\/\/createdencosta.com\/en\/product\/hooked-snapback-hat\/\" \/>\n<meta property=\"og:locale\" content=\"en_US\" \/>\n<meta property=\"og:type\" content=\"article\" \/>\n<meta property=\"og:title\" content=\"Hooked SnapBack Hat - Created En Costa\" \/>\n<meta property=\"og:description\" content=\"Gorras Yupoong: Gorra snapback de primera calidad en mezcla de lana para una apariencia lujosa. Gorra estructurada de 6 paneles con visera inferior verde cl\u00e1sica. Cierre snapback de pl\u00e1stico a juego con 8 hileras de costuras en la visera. Gorra cl\u00e1sica snapback con tejido de mezcla de lana Bucar\u00e1n duro. Estructurado Cierre trasero de pl\u00e1stico [&hellip;]\" \/>\n<meta property=\"og:url\" content=\"https:\/\/createdencosta.com\/en\/product\/hooked-snapback-hat\/\" \/>\n<meta property=\"og:site_name\" content=\"Created En Costa\" \/>\n<meta property=\"article:modified_time\" content=\"2024-02-11T16:40:47+00:00\" \/>\n<meta property=\"og:image\" content=\"https:\/\/createdencosta.com\/wp-content\/uploads\/2023\/11\/63BDC863-0B4F-44C5-8E20-029DCF823B24.jpg\" \/>\n\t<meta property=\"og:image:width\" content=\"1537\" \/>\n\t<meta property=\"og:image:height\" content=\"2305\" \/>\n\t<meta property=\"og:image:type\" content=\"image\/jpeg\" \/>\n<meta name=\"twitter:card\" content=\"summary_large_image\" \/>\n<meta name=\"twitter:label1\" content=\"Est. reading time\" \/>\n\t<meta name=\"twitter:data1\" content=\"1 minute\" \/>\n<script type=\"application\/ld+json\" class=\"yoast-schema-graph\">{\"@context\":\"https:\\\/\\\/schema.org\",\"@graph\":[{\"@type\":\"WebPage\",\"@id\":\"https:\\\/\\\/createdencosta.com\\\/product\\\/hooked-snapback-hat\\\/\",\"url\":\"https:\\\/\\\/createdencosta.com\\\/product\\\/hooked-snapback-hat\\\/\",\"name\":\"Hooked SnapBack Hat - Created En Costa\",\"isPartOf\":{\"@id\":\"https:\\\/\\\/createdencosta.com\\\/#website\"},\"primaryImageOfPage\":{\"@id\":\"https:\\\/\\\/createdencosta.com\\\/product\\\/hooked-snapback-hat\\\/#primaryimage\"},\"image\":{\"@id\":\"https:\\\/\\\/createdencosta.com\\\/product\\\/hooked-snapback-hat\\\/#primaryimage\"},\"thumbnailUrl\":\"https:\\\/\\\/createdencosta.com\\\/wp-content\\\/uploads\\\/2023\\\/11\\\/63BDC863-0B4F-44C5-8E20-029DCF823B24.jpg\",\"datePublished\":\"2023-11-29T18:46:48+00:00\",\"dateModified\":\"2024-02-11T16:40:47+00:00\",\"breadcrumb\":{\"@id\":\"https:\\\/\\\/createdencosta.com\\\/product\\\/hooked-snapback-hat\\\/#breadcrumb\"},\"inLanguage\":\"en-US\",\"potentialAction\":[{\"@type\":\"ReadAction\",\"target\":[\"https:\\\/\\\/createdencosta.com\\\/product\\\/hooked-snapback-hat\\\/\"]}]},{\"@type\":\"ImageObject\",\"inLanguage\":\"en-US\",\"@id\":\"https:\\\/\\\/createdencosta.com\\\/product\\\/hooked-snapback-hat\\\/#primaryimage\",\"url\":\"https:\\\/\\\/createdencosta.com\\\/wp-content\\\/uploads\\\/2023\\\/11\\\/63BDC863-0B4F-44C5-8E20-029DCF823B24.jpg\",\"contentUrl\":\"https:\\\/\\\/createdencosta.com\\\/wp-content\\\/uploads\\\/2023\\\/11\\\/63BDC863-0B4F-44C5-8E20-029DCF823B24.jpg\",\"width\":1537,\"height\":2305,\"caption\":\"Processed with VSCO with a6 preset\"},{\"@type\":\"BreadcrumbList\",\"@id\":\"https:\\\/\\\/createdencosta.com\\\/product\\\/hooked-snapback-hat\\\/#breadcrumb\",\"itemListElement\":[{\"@type\":\"ListItem\",\"position\":1,\"name\":\"Home\",\"item\":\"https:\\\/\\\/createdencosta.com\\\/\"},{\"@type\":\"ListItem\",\"position\":2,\"name\":\"Tienda\",\"item\":\"https:\\\/\\\/createdencosta.com\\\/shop\\\/\"},{\"@type\":\"ListItem\",\"position\":3,\"name\":\"Hooked SnapBack Hat\"}]},{\"@type\":\"WebSite\",\"@id\":\"https:\\\/\\\/createdencosta.com\\\/#website\",\"url\":\"https:\\\/\\\/createdencosta.com\\\/\",\"name\":\"Created En Costa\",\"description\":\"\",\"publisher\":{\"@id\":\"https:\\\/\\\/createdencosta.com\\\/#organization\"},\"potentialAction\":[{\"@type\":\"SearchAction\",\"target\":{\"@type\":\"EntryPoint\",\"urlTemplate\":\"https:\\\/\\\/createdencosta.com\\\/?s={search_term_string}\"},\"query-input\":{\"@type\":\"PropertyValueSpecification\",\"valueRequired\":true,\"valueName\":\"search_term_string\"}}],\"inLanguage\":\"en-US\"},{\"@type\":\"Organization\",\"@id\":\"https:\\\/\\\/createdencosta.com\\\/#organization\",\"name\":\"Created En Costa\",\"url\":\"https:\\\/\\\/createdencosta.com\\\/\",\"logo\":{\"@type\":\"ImageObject\",\"inLanguage\":\"en-US\",\"@id\":\"https:\\\/\\\/createdencosta.com\\\/#\\\/schema\\\/logo\\\/image\\\/\",\"url\":\"https:\\\/\\\/createdencosta.com\\\/wp-content\\\/uploads\\\/2023\\\/11\\\/cropped-CEC_wordmark.png\",\"contentUrl\":\"https:\\\/\\\/createdencosta.com\\\/wp-content\\\/uploads\\\/2023\\\/11\\\/cropped-CEC_wordmark.png\",\"width\":1042,\"height\":291,\"caption\":\"Created En Costa\"},\"image\":{\"@id\":\"https:\\\/\\\/createdencosta.com\\\/#\\\/schema\\\/logo\\\/image\\\/\"}}]}<\/script>\n<!-- \/ Yoast SEO plugin. -->","yoast_head_json":{"title":"Hooked SnapBack Hat - Created En Costa","robots":{"index":"index","follow":"follow","max-snippet":"max-snippet:-1","max-image-preview":"max-image-preview:large","max-video-preview":"max-video-preview:-1"},"canonical":"https:\/\/createdencosta.com\/en\/product\/hooked-snapback-hat\/","og_locale":"en_US","og_type":"article","og_title":"Hooked SnapBack Hat - Created En Costa","og_description":"Gorras Yupoong: Gorra snapback de primera calidad en mezcla de lana para una apariencia lujosa. Gorra estructurada de 6 paneles con visera inferior verde cl\u00e1sica. Cierre snapback de pl\u00e1stico a juego con 8 hileras de costuras en la visera. Gorra cl\u00e1sica snapback con tejido de mezcla de lana Bucar\u00e1n duro. Estructurado Cierre trasero de pl\u00e1stico [&hellip;]","og_url":"https:\/\/createdencosta.com\/en\/product\/hooked-snapback-hat\/","og_site_name":"Created En Costa","article_modified_time":"2024-02-11T16:40:47+00:00","og_image":[{"width":1537,"height":2305,"url":"https:\/\/createdencosta.com\/wp-content\/uploads\/2023\/11\/63BDC863-0B4F-44C5-8E20-029DCF823B24.jpg","type":"image\/jpeg"}],"twitter_card":"summary_large_image","twitter_misc":{"Est. reading time":"1 minute"},"schema":{"@context":"https:\/\/schema.org","@graph":[{"@type":"WebPage","@id":"https:\/\/createdencosta.com\/product\/hooked-snapback-hat\/","url":"https:\/\/createdencosta.com\/product\/hooked-snapback-hat\/","name":"Hooked SnapBack Hat - Created En Costa","isPartOf":{"@id":"https:\/\/createdencosta.com\/#website"},"primaryImageOfPage":{"@id":"https:\/\/createdencosta.com\/product\/hooked-snapback-hat\/#primaryimage"},"image":{"@id":"https:\/\/createdencosta.com\/product\/hooked-snapback-hat\/#primaryimage"},"thumbnailUrl":"https:\/\/createdencosta.com\/wp-content\/uploads\/2023\/11\/63BDC863-0B4F-44C5-8E20-029DCF823B24.jpg","datePublished":"2023-11-29T18:46:48+00:00","dateModified":"2024-02-11T16:40:47+00:00","breadcrumb":{"@id":"https:\/\/createdencosta.com\/product\/hooked-snapback-hat\/#breadcrumb"},"inLanguage":"en-US","potentialAction":[{"@type":"ReadAction","target":["https:\/\/createdencosta.com\/product\/hooked-snapback-hat\/"]}]},{"@type":"ImageObject","inLanguage":"en-US","@id":"https:\/\/createdencosta.com\/product\/hooked-snapback-hat\/#primaryimage","url":"https:\/\/createdencosta.com\/wp-content\/uploads\/2023\/11\/63BDC863-0B4F-44C5-8E20-029DCF823B24.jpg","contentUrl":"https:\/\/createdencosta.com\/wp-content\/uploads\/2023\/11\/63BDC863-0B4F-44C5-8E20-029DCF823B24.jpg","width":1537,"height":2305,"caption":"Processed with VSCO with a6 preset"},{"@type":"BreadcrumbList","@id":"https:\/\/createdencosta.com\/product\/hooked-snapback-hat\/#breadcrumb","itemListElement":[{"@type":"ListItem","position":1,"name":"Home","item":"https:\/\/createdencosta.com\/"},{"@type":"ListItem","position":2,"name":"Tienda","item":"https:\/\/createdencosta.com\/shop\/"},{"@type":"ListItem","position":3,"name":"Hooked SnapBack Hat"}]},{"@type":"WebSite","@id":"https:\/\/createdencosta.com\/#website","url":"https:\/\/createdencosta.com\/","name":"Created En Costa","description":"","publisher":{"@id":"https:\/\/createdencosta.com\/#organization"},"potentialAction":[{"@type":"SearchAction","target":{"@type":"EntryPoint","urlTemplate":"https:\/\/createdencosta.com\/?s={search_term_string}"},"query-input":{"@type":"PropertyValueSpecification","valueRequired":true,"valueName":"search_term_string"}}],"inLanguage":"en-US"},{"@type":"Organization","@id":"https:\/\/createdencosta.com\/#organization","name":"Created En Costa","url":"https:\/\/createdencosta.com\/","logo":{"@type":"ImageObject","inLanguage":"en-US","@id":"https:\/\/createdencosta.com\/#\/schema\/logo\/image\/","url":"https:\/\/createdencosta.com\/wp-content\/uploads\/2023\/11\/cropped-CEC_wordmark.png","contentUrl":"https:\/\/createdencosta.com\/wp-content\/uploads\/2023\/11\/cropped-CEC_wordmark.png","width":1042,"height":291,"caption":"Created En Costa"},"image":{"@id":"https:\/\/createdencosta.com\/#\/schema\/logo\/image\/"}}]}},"_links":{"self":[{"href":"https:\/\/createdencosta.com\/en\/wp-json\/wp\/v2\/product\/1085","targetHints":{"allow":["GET"]}}],"collection":[{"href":"https:\/\/createdencosta.com\/en\/wp-json\/wp\/v2\/product"}],"about":[{"href":"https:\/\/createdencosta.com\/en\/wp-json\/wp\/v2\/types\/product"}],"wp:featuredmedia":[{"embeddable":true,"href":"https:\/\/createdencosta.com\/en\/wp-json\/wp\/v2\/media\/1089"}],"wp:attachment":[{"href":"https:\/\/createdencosta.com\/en\/wp-json\/wp\/v2\/media?parent=1085"}],"wp:term":[{"taxonomy":"product_brand","embeddable":true,"href":"https:\/\/createdencosta.com\/en\/wp-json\/wp\/v2\/product_brand?post=1085"},{"taxonomy":"product_cat","embeddable":true,"href":"https:\/\/createdencosta.com\/en\/wp-json\/wp\/v2\/product_cat?post=1085"},{"taxonomy":"product_tag","embeddable":true,"href":"https:\/\/createdencosta.com\/en\/wp-json\/wp\/v2\/product_tag?post=1085"}],"curies":[{"name":"wp","href":"https:\/\/api.w.org\/{rel}","templated":true}]}}