{"id":35,"date":"2023-11-09T19:16:05","date_gmt":"2023-11-09T19:16:05","guid":{"rendered":"https:\/\/createdencosta.com\/?page_id=35"},"modified":"2024-02-27T23:03:31","modified_gmt":"2024-02-27T23:03:31","slug":"about","status":"publish","type":"page","link":"https:\/\/createdencosta.com\/en\/about\/","title":{"rendered":"About us"},"content":{"rendered":"<div data-elementor-type=\"wp-page\" data-elementor-id=\"35\" class=\"elementor elementor-35\" data-elementor-post-type=\"page\">\n\t\t\t\t<div class=\"elementor-element elementor-element-b2a423a e-flex e-con-boxed e-con e-parent\" data-id=\"b2a423a\" data-element_type=\"container\" data-e-type=\"container\" data-settings=\"{&quot;background_background&quot;:&quot;classic&quot;,&quot;jet_parallax_layout_list&quot;:[]}\">\n\t\t\t\t\t<div class=\"e-con-inner\">\n\t\t\t\t<div class=\"elementor-element elementor-element-e84eea1 elementor-widget elementor-widget-heading\" data-id=\"e84eea1\" data-element_type=\"widget\" data-e-type=\"widget\" data-widget_type=\"heading.default\">\n\t\t\t\t<div class=\"elementor-widget-container\">\n\t\t\t\t\t<h2 class=\"elementor-heading-title elementor-size-default\">About us<\/h2>\t\t\t\t<\/div>\n\t\t\t\t<\/div>\n\t\t\t\t\t<\/div>\n\t\t\t\t<\/div>\n\t\t<div class=\"elementor-element elementor-element-abcc1ee e-flex e-con-boxed e-con e-parent\" data-id=\"abcc1ee\" data-element_type=\"container\" data-e-type=\"container\" data-settings=\"{&quot;jet_parallax_layout_list&quot;:[]}\">\n\t\t\t\t\t<div class=\"e-con-inner\">\n\t\t\t\t<div class=\"elementor-element elementor-element-882097e elementor-widget elementor-widget-heading\" data-id=\"882097e\" data-element_type=\"widget\" data-e-type=\"widget\" data-widget_type=\"heading.default\">\n\t\t\t\t<div class=\"elementor-widget-container\">\n\t\t\t\t\t<h2 class=\"elementor-heading-title elementor-size-default\">OUR PURA VIDA LIFESTYLE<\/h2>\t\t\t\t<\/div>\n\t\t\t\t<\/div>\n\t\t\t\t<div class=\"elementor-element elementor-element-5879932 elementor-widget elementor-widget-heading\" data-id=\"5879932\" data-element_type=\"widget\" data-e-type=\"widget\" data-widget_type=\"heading.default\">\n\t\t\t\t<div class=\"elementor-widget-container\">\n\t\t\t\t\t<h2 class=\"elementor-heading-title elementor-size-default\">livin' for the present moment<\/h2>\t\t\t\t<\/div>\n\t\t\t\t<\/div>\n\t\t\t\t\t<\/div>\n\t\t\t\t<\/div>\n\t\t<div class=\"elementor-element elementor-element-638140c e-flex e-con-boxed e-con e-parent\" data-id=\"638140c\" data-element_type=\"container\" data-e-type=\"container\" data-settings=\"{&quot;jet_parallax_layout_list&quot;:[]}\">\n\t\t\t\t\t<div class=\"e-con-inner\">\n\t\t<div class=\"elementor-element elementor-element-f00e009 e-con-full e-flex e-con e-child\" data-id=\"f00e009\" data-element_type=\"container\" data-e-type=\"container\" data-settings=\"{&quot;jet_parallax_layout_list&quot;:[]}\">\n\t\t\t\t<div class=\"elementor-element elementor-element-072d516 elementor-widget elementor-widget-heading\" data-id=\"072d516\" data-element_type=\"widget\" data-e-type=\"widget\" data-widget_type=\"heading.default\">\n\t\t\t\t<div class=\"elementor-widget-container\">\n\t\t\t\t\t<h2 class=\"elementor-heading-title elementor-size-default\">From the creator<\/h2>\t\t\t\t<\/div>\n\t\t\t\t<\/div>\n\t\t\t\t<div class=\"elementor-element elementor-element-b965d90 elementor-widget elementor-widget-text-editor\" data-id=\"b965d90\" data-element_type=\"widget\" data-e-type=\"widget\" data-widget_type=\"text-editor.default\">\n\t\t\t\t<div class=\"elementor-widget-container\">\n\t\t\t\t\t\t\t\t\t<p>Created En Costa was founded in 2016 in Mal Pa\u00eds, Costa Rica. The initial ideas for this brand emerged many years earlier and were later influenced by travels to places like Hawaii and California. Being born here in Mal Pa\u00eds and later having the fortune to visit these other beautiful locations helped inspire me to design something different from what people were used to seeing in local stores\u2014something modern and unique, yet simple, filled with the meaning and the lifestyle of our beautiful Costa Rica.<\/p><p>It is a brand that both locals (Ticos) and foreigners have identified with and loved. Over time, the support has continued to grow, for which I sincerely thank everyone for helping make Created En Costa what it is today. I also want to thank those who were there when this was just an idea, everyone who has ever bought a t-shirt or a hat, those who put our stickers on their vehicles, surfboards, phones, and computers, those who help behind the scenes with photos and designs, and those who simply follow us on social media. Thank you for being part of the Created En Costa family. \u00a1Pura Vida!<\/p>\t\t\t\t\t\t\t\t<\/div>\n\t\t\t\t<\/div>\n\t\t\t\t<div class=\"elementor-element elementor-element-a94a198 elementor-widget elementor-widget-heading\" data-id=\"a94a198\" data-element_type=\"widget\" data-e-type=\"widget\" data-widget_type=\"heading.default\">\n\t\t\t\t<div class=\"elementor-widget-container\">\n\t\t\t\t\t<h2 class=\"elementor-heading-title elementor-size-default\">\u2013Steven, Founder<\/h2>\t\t\t\t<\/div>\n\t\t\t\t<\/div>\n\t\t\t\t<\/div>\n\t\t<div class=\"elementor-element elementor-element-02864b1 e-con-full e-flex e-con e-child\" data-id=\"02864b1\" data-element_type=\"container\" data-e-type=\"container\" data-settings=\"{&quot;jet_parallax_layout_list&quot;:[]}\">\n\t\t\t\t<div class=\"elementor-element elementor-element-6bf8836 elementor-widget elementor-widget-image\" data-id=\"6bf8836\" data-element_type=\"widget\" data-e-type=\"widget\" data-widget_type=\"image.default\">\n\t\t\t\t<div class=\"elementor-widget-container\">\n\t\t\t\t\t\t\t\t\t\t\t\t\t\t\t<img fetchpriority=\"high\" decoding=\"async\" width=\"683\" height=\"1024\" src=\"https:\/\/createdencosta.com\/wp-content\/uploads\/2023\/11\/46B1220D-4493-40F6-91A5-497911A45067-683x1024.jpg\" class=\"attachment-large size-large wp-image-328\" alt=\"\" srcset=\"https:\/\/createdencosta.com\/wp-content\/uploads\/2023\/11\/46B1220D-4493-40F6-91A5-497911A45067-683x1024.jpg 683w, https:\/\/createdencosta.com\/wp-content\/uploads\/2023\/11\/46B1220D-4493-40F6-91A5-497911A45067-200x300.jpg 200w, https:\/\/createdencosta.com\/wp-content\/uploads\/2023\/11\/46B1220D-4493-40F6-91A5-497911A45067-768x1152.jpg 768w, https:\/\/createdencosta.com\/wp-content\/uploads\/2023\/11\/46B1220D-4493-40F6-91A5-497911A45067-600x900.jpg 600w, https:\/\/createdencosta.com\/wp-content\/uploads\/2023\/11\/46B1220D-4493-40F6-91A5-497911A45067.jpg 1000w\" sizes=\"(max-width: 683px) 100vw, 683px\" \/>\t\t\t\t\t\t\t\t\t\t\t\t\t\t\t<\/div>\n\t\t\t\t<\/div>\n\t\t\t\t<\/div>\n\t\t\t\t\t<\/div>\n\t\t\t\t<\/div>\n\t\t\t\t<\/div>","protected":false},"excerpt":{"rendered":"<p>Sobre Nosotros Nuestro estilo de vida Vivir el momento presente Del Creador Created En Costa fue fundado en el 2016 en Mal Pa\u00eds, Costa Rica. Las primeras ideas para esta marca nacieron muchos a\u00f1os antes y m\u00e1s tarde fueron influenciadas por viajar a lugares como Hawaii y California. El haber nacido ac\u00e1 en Mal Pa\u00eds [&hellip;]<\/p>\n","protected":false},"author":1,"featured_media":0,"parent":0,"menu_order":0,"comment_status":"closed","ping_status":"closed","template":"","meta":{"_monsterinsights_skip_tracking":false,"_monsterinsights_sitenote_active":false,"_monsterinsights_sitenote_note":"","_monsterinsights_sitenote_category":0,"footnotes":""},"class_list":["post-35","page","type-page","status-publish","hentry"],"yoast_head":"<!-- This site is optimized with the Yoast SEO plugin v27.4 - https:\/\/yoast.com\/product\/yoast-seo-wordpress\/ -->\n<title>Sobre nosotros - Created En Costa<\/title>\n<meta name=\"robots\" content=\"index, follow, max-snippet:-1, max-image-preview:large, max-video-preview:-1\" \/>\n<link rel=\"canonical\" href=\"https:\/\/createdencosta.com\/en\/about\/\" \/>\n<meta property=\"og:locale\" content=\"en_US\" \/>\n<meta property=\"og:type\" content=\"article\" \/>\n<meta property=\"og:title\" content=\"Sobre nosotros - Created En Costa\" \/>\n<meta property=\"og:description\" content=\"Sobre Nosotros Nuestro estilo de vida Vivir el momento presente Del Creador Created En Costa fue fundado en el 2016 en Mal Pa\u00eds, Costa Rica. Las primeras ideas para esta marca nacieron muchos a\u00f1os antes y m\u00e1s tarde fueron influenciadas por viajar a lugares como Hawaii y California. El haber nacido ac\u00e1 en Mal Pa\u00eds [&hellip;]\" \/>\n<meta property=\"og:url\" content=\"https:\/\/createdencosta.com\/en\/about\/\" \/>\n<meta property=\"og:site_name\" content=\"Created En Costa\" \/>\n<meta property=\"article:modified_time\" content=\"2024-02-27T23:03:31+00:00\" \/>\n<meta property=\"og:image\" content=\"https:\/\/createdencosta.com\/wp-content\/uploads\/2023\/11\/46B1220D-4493-40F6-91A5-497911A45067-683x1024.jpg\" \/>\n<meta name=\"twitter:card\" content=\"summary_large_image\" \/>\n<meta name=\"twitter:label1\" content=\"Est. reading time\" \/>\n\t<meta name=\"twitter:data1\" content=\"2 minutes\" \/>\n<script type=\"application\/ld+json\" class=\"yoast-schema-graph\">{\"@context\":\"https:\\\/\\\/schema.org\",\"@graph\":[{\"@type\":\"WebPage\",\"@id\":\"https:\\\/\\\/createdencosta.com\\\/about\\\/\",\"url\":\"https:\\\/\\\/createdencosta.com\\\/about\\\/\",\"name\":\"Sobre nosotros - Created En Costa\",\"isPartOf\":{\"@id\":\"https:\\\/\\\/createdencosta.com\\\/#website\"},\"primaryImageOfPage\":{\"@id\":\"https:\\\/\\\/createdencosta.com\\\/about\\\/#primaryimage\"},\"image\":{\"@id\":\"https:\\\/\\\/createdencosta.com\\\/about\\\/#primaryimage\"},\"thumbnailUrl\":\"https:\\\/\\\/createdencosta.com\\\/wp-content\\\/uploads\\\/2023\\\/11\\\/46B1220D-4493-40F6-91A5-497911A45067-683x1024.jpg\",\"datePublished\":\"2023-11-09T19:16:05+00:00\",\"dateModified\":\"2024-02-27T23:03:31+00:00\",\"breadcrumb\":{\"@id\":\"https:\\\/\\\/createdencosta.com\\\/about\\\/#breadcrumb\"},\"inLanguage\":\"en-US\",\"potentialAction\":[{\"@type\":\"ReadAction\",\"target\":[\"https:\\\/\\\/createdencosta.com\\\/about\\\/\"]}]},{\"@type\":\"ImageObject\",\"inLanguage\":\"en-US\",\"@id\":\"https:\\\/\\\/createdencosta.com\\\/about\\\/#primaryimage\",\"url\":\"https:\\\/\\\/createdencosta.com\\\/wp-content\\\/uploads\\\/2023\\\/11\\\/46B1220D-4493-40F6-91A5-497911A45067-683x1024.jpg\",\"contentUrl\":\"https:\\\/\\\/createdencosta.com\\\/wp-content\\\/uploads\\\/2023\\\/11\\\/46B1220D-4493-40F6-91A5-497911A45067-683x1024.jpg\"},{\"@type\":\"BreadcrumbList\",\"@id\":\"https:\\\/\\\/createdencosta.com\\\/about\\\/#breadcrumb\",\"itemListElement\":[{\"@type\":\"ListItem\",\"position\":1,\"name\":\"Home\",\"item\":\"https:\\\/\\\/createdencosta.com\\\/\"},{\"@type\":\"ListItem\",\"position\":2,\"name\":\"Sobre nosotros\"}]},{\"@type\":\"WebSite\",\"@id\":\"https:\\\/\\\/createdencosta.com\\\/#website\",\"url\":\"https:\\\/\\\/createdencosta.com\\\/\",\"name\":\"Created En Costa\",\"description\":\"\",\"publisher\":{\"@id\":\"https:\\\/\\\/createdencosta.com\\\/#organization\"},\"potentialAction\":[{\"@type\":\"SearchAction\",\"target\":{\"@type\":\"EntryPoint\",\"urlTemplate\":\"https:\\\/\\\/createdencosta.com\\\/?s={search_term_string}\"},\"query-input\":{\"@type\":\"PropertyValueSpecification\",\"valueRequired\":true,\"valueName\":\"search_term_string\"}}],\"inLanguage\":\"en-US\"},{\"@type\":\"Organization\",\"@id\":\"https:\\\/\\\/createdencosta.com\\\/#organization\",\"name\":\"Created En Costa\",\"url\":\"https:\\\/\\\/createdencosta.com\\\/\",\"logo\":{\"@type\":\"ImageObject\",\"inLanguage\":\"en-US\",\"@id\":\"https:\\\/\\\/createdencosta.com\\\/#\\\/schema\\\/logo\\\/image\\\/\",\"url\":\"https:\\\/\\\/createdencosta.com\\\/wp-content\\\/uploads\\\/2023\\\/11\\\/cropped-CEC_wordmark.png\",\"contentUrl\":\"https:\\\/\\\/createdencosta.com\\\/wp-content\\\/uploads\\\/2023\\\/11\\\/cropped-CEC_wordmark.png\",\"width\":1042,\"height\":291,\"caption\":\"Created En Costa\"},\"image\":{\"@id\":\"https:\\\/\\\/createdencosta.com\\\/#\\\/schema\\\/logo\\\/image\\\/\"}}]}<\/script>\n<!-- \/ Yoast SEO plugin. -->","yoast_head_json":{"title":"Sobre nosotros - Created En Costa","robots":{"index":"index","follow":"follow","max-snippet":"max-snippet:-1","max-image-preview":"max-image-preview:large","max-video-preview":"max-video-preview:-1"},"canonical":"https:\/\/createdencosta.com\/en\/about\/","og_locale":"en_US","og_type":"article","og_title":"Sobre nosotros - Created En Costa","og_description":"Sobre Nosotros Nuestro estilo de vida Vivir el momento presente Del Creador Created En Costa fue fundado en el 2016 en Mal Pa\u00eds, Costa Rica. Las primeras ideas para esta marca nacieron muchos a\u00f1os antes y m\u00e1s tarde fueron influenciadas por viajar a lugares como Hawaii y California. El haber nacido ac\u00e1 en Mal Pa\u00eds [&hellip;]","og_url":"https:\/\/createdencosta.com\/en\/about\/","og_site_name":"Created En Costa","article_modified_time":"2024-02-27T23:03:31+00:00","og_image":[{"url":"https:\/\/createdencosta.com\/wp-content\/uploads\/2023\/11\/46B1220D-4493-40F6-91A5-497911A45067-683x1024.jpg","type":"","width":"","height":""}],"twitter_card":"summary_large_image","twitter_misc":{"Est. reading time":"2 minutes"},"schema":{"@context":"https:\/\/schema.org","@graph":[{"@type":"WebPage","@id":"https:\/\/createdencosta.com\/about\/","url":"https:\/\/createdencosta.com\/about\/","name":"Sobre nosotros - Created En Costa","isPartOf":{"@id":"https:\/\/createdencosta.com\/#website"},"primaryImageOfPage":{"@id":"https:\/\/createdencosta.com\/about\/#primaryimage"},"image":{"@id":"https:\/\/createdencosta.com\/about\/#primaryimage"},"thumbnailUrl":"https:\/\/createdencosta.com\/wp-content\/uploads\/2023\/11\/46B1220D-4493-40F6-91A5-497911A45067-683x1024.jpg","datePublished":"2023-11-09T19:16:05+00:00","dateModified":"2024-02-27T23:03:31+00:00","breadcrumb":{"@id":"https:\/\/createdencosta.com\/about\/#breadcrumb"},"inLanguage":"en-US","potentialAction":[{"@type":"ReadAction","target":["https:\/\/createdencosta.com\/about\/"]}]},{"@type":"ImageObject","inLanguage":"en-US","@id":"https:\/\/createdencosta.com\/about\/#primaryimage","url":"https:\/\/createdencosta.com\/wp-content\/uploads\/2023\/11\/46B1220D-4493-40F6-91A5-497911A45067-683x1024.jpg","contentUrl":"https:\/\/createdencosta.com\/wp-content\/uploads\/2023\/11\/46B1220D-4493-40F6-91A5-497911A45067-683x1024.jpg"},{"@type":"BreadcrumbList","@id":"https:\/\/createdencosta.com\/about\/#breadcrumb","itemListElement":[{"@type":"ListItem","position":1,"name":"Home","item":"https:\/\/createdencosta.com\/"},{"@type":"ListItem","position":2,"name":"Sobre nosotros"}]},{"@type":"WebSite","@id":"https:\/\/createdencosta.com\/#website","url":"https:\/\/createdencosta.com\/","name":"Created En Costa","description":"","publisher":{"@id":"https:\/\/createdencosta.com\/#organization"},"potentialAction":[{"@type":"SearchAction","target":{"@type":"EntryPoint","urlTemplate":"https:\/\/createdencosta.com\/?s={search_term_string}"},"query-input":{"@type":"PropertyValueSpecification","valueRequired":true,"valueName":"search_term_string"}}],"inLanguage":"en-US"},{"@type":"Organization","@id":"https:\/\/createdencosta.com\/#organization","name":"Created En Costa","url":"https:\/\/createdencosta.com\/","logo":{"@type":"ImageObject","inLanguage":"en-US","@id":"https:\/\/createdencosta.com\/#\/schema\/logo\/image\/","url":"https:\/\/createdencosta.com\/wp-content\/uploads\/2023\/11\/cropped-CEC_wordmark.png","contentUrl":"https:\/\/createdencosta.com\/wp-content\/uploads\/2023\/11\/cropped-CEC_wordmark.png","width":1042,"height":291,"caption":"Created En Costa"},"image":{"@id":"https:\/\/createdencosta.com\/#\/schema\/logo\/image\/"}}]}},"_links":{"self":[{"href":"https:\/\/createdencosta.com\/en\/wp-json\/wp\/v2\/pages\/35","targetHints":{"allow":["GET"]}}],"collection":[{"href":"https:\/\/createdencosta.com\/en\/wp-json\/wp\/v2\/pages"}],"about":[{"href":"https:\/\/createdencosta.com\/en\/wp-json\/wp\/v2\/types\/page"}],"author":[{"embeddable":true,"href":"https:\/\/createdencosta.com\/en\/wp-json\/wp\/v2\/users\/1"}],"replies":[{"embeddable":true,"href":"https:\/\/createdencosta.com\/en\/wp-json\/wp\/v2\/comments?post=35"}],"version-history":[{"count":20,"href":"https:\/\/createdencosta.com\/en\/wp-json\/wp\/v2\/pages\/35\/revisions"}],"predecessor-version":[{"id":1399,"href":"https:\/\/createdencosta.com\/en\/wp-json\/wp\/v2\/pages\/35\/revisions\/1399"}],"wp:attachment":[{"href":"https:\/\/createdencosta.com\/en\/wp-json\/wp\/v2\/media?parent=35"}],"curies":[{"name":"wp","href":"https:\/\/api.w.org\/{rel}","templated":true}]}}